{"id":6390,"date":"2018-05-20T15:30:01","date_gmt":"2018-05-20T13:30:01","guid":{"rendered":"http:\/\/www.mg-projects.at\/crossmedia\/?page_id=6390"},"modified":"2018-05-23T16:15:45","modified_gmt":"2018-05-23T14:15:45","slug":"impressum","status":"publish","type":"page","link":"https:\/\/www.mg-projects.at\/crossmedia\/impressum\/","title":{"rendered":"Impressum"},"content":{"rendered":"<p><div class=\"fusion-fullwidth fullwidth-box fusion-builder-row-1 hundred-percent-fullwidth non-hundred-percent-height-scrolling\" style=\"--awb-border-radius-top-left:0px;--awb-border-radius-top-right:0px;--awb-border-radius-bottom-right:0px;--awb-border-radius-bottom-left:0px;--awb-overflow:visible;--awb-flex-wrap:wrap;\" ><div class=\"fusion-builder-row fusion-row\"><div class=\"fusion-layout-column fusion_builder_column fusion-builder-column-0 fusion_builder_column_2_3 2_3 fusion-two-third fusion-column-first\" style=\"--awb-bg-size:cover;width:65.3333%; margin-right: 4%;\"><div class=\"fusion-column-wrapper fusion-flex-column-wrapper-legacy\"><div class=\"fusion-text fusion-text-1\"><h2>Information gem. Mediengesetz<\/h2>\n<p>Diese Website ist ein privates Online Portfolio. Die grundliegende Ausrichtung besteht in der Information \u00fcber die k\u00fcnstlerische T\u00e4tigkeit des Betreibers.<\/p>\n<h2>Urheberrecht\/Copyright<\/h2>\n<p>Die auf meiner Website ver\u00f6ffentlichten Inhalte und Werke unterliegen dem \u00f6sterreichischen Urheberrecht. Die Vervielf\u00e4ltigung, Speicherung in Datenbanken, Bearbeitung und jede Form von gewerblicher Nutzung sowie die Weitergabe an Dritte auch in Teilen oder in \u00fcberarbeiteter Form ist ohne meine Zustimmung untersagt. Die Einbindung einzelner Seiten meiner Website in fremde Frames ist zu unterlassen. Soweit die Inhalte auf dieser Seite nicht von mir erstellt wurden, werden die Urheberrechte Dritter beachtet. Insbesondere werden Inhalte Dritter als solche gekennzeichnet.<\/p>\n<h5><b>Schadensminderungspflicht <\/b><\/h5>\n<p>Im Falle von urheber- oder wettbewerbsrechtlichen Problemen bitten wir Sie, zur Vermeidung unn\u00f6tiger Rechtsstreite und Kosten, mich bereits im Vorfeld zu kontaktieren. Die Kostennote einer anwaltlichen Abmahnung, ohne vorhergehende Kontaktaufnahme unter den oben stehenden Adressen oder Telefonnummern, wird im Sinne der Schadensminderungspflicht als unbegr\u00fcndet zur\u00fcckgewiesen.<\/p>\n<h2>Haftungsausschluss<\/h2>\n<p>Die Inhalte meiner Seiten wurden mit gr\u00f6\u00dfter Sorgfalt erstellt. F\u00fcr die Richtigkeit, Vollst\u00e4ndigkeit und Aktualit\u00e4t der Inhalte kann ich jedoch keine Gew\u00e4hr \u00fcbernehmen. Dies gilt auch f\u00fcr die Verf\u00fcgbarkeit oder den Betrieb der gegenst\u00e4ndlichen Website und ihrer Inhalte. Jede Haftung f\u00fcr unmittelbare, mittelbare oder sonstige Sch\u00e4den, unabh\u00e4ngig von deren Ursachen, die aus der Benutzung oder Nichtverf\u00fcgbarkeit der Daten und Informationen dieser Website erwachsen, wird, soweit rechtlich zul\u00e4ssig, ausgeschlossen. Sofern Links zu externen Webseiten Dritter bereitgestellt werden, weise ich darauf hin, dass ich auf deren Inhalte keinen Einfluss habe. Aus diesem Grund kann ich f\u00fcr fremde Inhalte auch keine Gew\u00e4hr \u00fcbernehmen. F\u00fcr die Inhalte der verlinkten Seiten ist stets der jeweilige Betreiber verantwortlich. Die verlinkten Seiten wurden zum Zeitpunkt der Verlinkung auf m\u00f6gliche Rechtsverst\u00f6\u00dfe \u00fcberpr\u00fcft.<\/p>\n<\/div><div class=\"fusion-clearfix\"><\/div><\/div><\/div><div class=\"fusion-layout-column fusion_builder_column fusion-builder-column-1 fusion_builder_column_1_3 1_3 fusion-one-third fusion-column-last\" style=\"--awb-bg-size:cover;width:30.6666%;\"><div class=\"fusion-column-wrapper fusion-flex-column-wrapper-legacy\"><div class=\"fusion-text fusion-text-2\"><h3>mg-projects.at<\/h3>\n<p>ist ein privates Online Portfolio von<br \/>\n<strong>Martin Gfrerer<\/strong>,<br \/>\nc\/o Trecolore Marketing Services<br \/>\n9520\u00a0 Annenheim, Am Hang 2<\/p>\n<p>T +43 664 836 93 29<br \/>\n<a href=\"mailto:crossmediadesign@mg-projects.at\">crossmediadesign@mg-projects.at<\/a><\/p>\n<\/div><div class=\"fusion-clearfix\"><\/div><\/div><\/div><\/div><\/div><div class=\"fusion-fullwidth fullwidth-box fusion-builder-row-2 hundred-percent-fullwidth non-hundred-percent-height-scrolling\" style=\"--awb-border-radius-top-left:0px;--awb-border-radius-top-right:0px;--awb-border-radius-bottom-right:0px;--awb-border-radius-bottom-left:0px;--awb-flex-wrap:wrap;\" ><div class=\"fusion-builder-row fusion-row\"><div class=\"fusion-layout-column fusion_builder_column fusion-builder-column-2 fusion_builder_column_2_3 2_3 fusion-two-third fusion-column-first\" style=\"--awb-bg-size:cover;width:65.3333%; margin-right: 4%;\"><div class=\"fusion-column-wrapper fusion-flex-column-wrapper-legacy\"><div class=\"fusion-reading-box-container reading-box-container-1\" style=\"--awb-title-color:#333333;--awb-margin-top:0px;--awb-margin-bottom:84px;\"><div class=\"reading-box\" style=\"background-color:#f6f6f6;border-width:1px;border-color:#f6f6f6;border-top-width:3px;border-top-color:var(--primary_color);border-style:solid;\"><div class=\"reading-box-additional\">\n<p><strong>Informationen zum Datenschutz (gem. DSGVO bzw. DSG i.d.F. des Datenschutz-Anpassungsgesetzes 2018 und des TKG 2003) sowie Informationen hinsichtlich des Bildnisschutzes gem. \u00a7 78 des Urheberrechtsgesetzes (UrhG) finden Sie unter diesem Link:<br \/>\n<\/strong> <a href=\"https:\/\/www.mg-projects.at\/crossmedia\/impressum\/datenschutz-richtlinien\/\">mg-projects.at\/crossmedia\/impressum\/datenschutz-richtlinien\/<\/a><\/p>\n<\/div><div class=\"fusion-clearfix\"><\/div><\/div><\/div><div class=\"fusion-clearfix\"><\/div><\/div><\/div><div class=\"fusion-layout-column fusion_builder_column fusion-builder-column-3 fusion_builder_column_1_3 1_3 fusion-one-third fusion-column-last\" style=\"--awb-bg-size:cover;width:30.6666%;\"><div class=\"fusion-column-wrapper fusion-flex-column-wrapper-legacy\"><div class=\"fusion-clearfix\"><\/div><\/div><\/div><\/div><\/div><\/p>\n","protected":false},"excerpt":{"rendered":"","protected":false},"author":1,"featured_media":0,"parent":0,"menu_order":0,"comment_status":"closed","ping_status":"closed","template":"","meta":{"footnotes":""},"class_list":["post-6390","page","type-page","status-publish","hentry"],"_links":{"self":[{"href":"https:\/\/www.mg-projects.at\/crossmedia\/wp-json\/wp\/v2\/pages\/6390","targetHints":{"allow":["GET"]}}],"collection":[{"href":"https:\/\/www.mg-projects.at\/crossmedia\/wp-json\/wp\/v2\/pages"}],"about":[{"href":"https:\/\/www.mg-projects.at\/crossmedia\/wp-json\/wp\/v2\/types\/page"}],"author":[{"embeddable":true,"href":"https:\/\/www.mg-projects.at\/crossmedia\/wp-json\/wp\/v2\/users\/1"}],"replies":[{"embeddable":true,"href":"https:\/\/www.mg-projects.at\/crossmedia\/wp-json\/wp\/v2\/comments?post=6390"}],"version-history":[{"count":32,"href":"https:\/\/www.mg-projects.at\/crossmedia\/wp-json\/wp\/v2\/pages\/6390\/revisions"}],"predecessor-version":[{"id":7978,"href":"https:\/\/www.mg-projects.at\/crossmedia\/wp-json\/wp\/v2\/pages\/6390\/revisions\/7978"}],"wp:attachment":[{"href":"https:\/\/www.mg-projects.at\/crossmedia\/wp-json\/wp\/v2\/media?parent=6390"}],"curies":[{"name":"wp","href":"https:\/\/api.w.org\/{rel}","templated":true}]}}